{"id":210,"date":"2024-08-07T15:18:46","date_gmt":"2024-08-07T15:18:46","guid":{"rendered":"https:\/\/alejandrapartera.com\/?page_id=210"},"modified":"2025-04-18T11:57:06","modified_gmt":"2025-04-18T11:57:06","slug":"parto-autoassistido","status":"publish","type":"page","link":"https:\/\/alejandrapartera.com\/pt\/parto-autoassistido\/","title":{"rendered":"PARTO AUTOASSISTIDO"},"content":{"rendered":"<div data-elementor-type=\"wp-page\" data-elementor-id=\"210\" class=\"elementor elementor-210\">\n\t\t\t\t<div class=\"elementor-element elementor-element-e4d32d2 e-flex e-con-boxed e-con e-parent\" data-id=\"e4d32d2\" data-element_type=\"container\" data-e-type=\"container\">\n\t\t\t\t\t<div class=\"e-con-inner\">\n\t\t\t\t<div class=\"elementor-element elementor-element-3185e6f elementor-widget__width-initial elementor-widget elementor-widget-heading\" data-id=\"3185e6f\" data-element_type=\"widget\" data-e-type=\"widget\" data-widget_type=\"heading.default\">\n\t\t\t\t<div class=\"elementor-widget-container\">\n\t\t\t\t\t<h2 class=\"elementor-heading-title elementor-size-default\">Comecei meu caminho no universo da gesta\u00e7\u00e3o, parto e p\u00f3s parto tendo um parto auto assistido. <\/h2>\t\t\t\t<\/div>\n\t\t\t\t<\/div>\n\t\t\t\t<div class=\"elementor-element elementor-element-62ede27 elementor-widget elementor-widget-text-editor\" data-id=\"62ede27\" data-element_type=\"widget\" data-e-type=\"widget\" data-widget_type=\"text-editor.default\">\n\t\t\t\t<div class=\"elementor-widget-container\">\n\t\t\t\t\t\t\t\t\t<p>Eu escolhi isso para o nascimento dos meus 4 filhos, e sem d\u00favida, seguiria escolhendo assim.<\/p>\t\t\t\t\t\t\t\t<\/div>\n\t\t\t\t<\/div>\n\t\t\t\t<div class=\"elementor-element elementor-element-a4302fa elementor-widget elementor-widget-text-editor\" data-id=\"a4302fa\" data-element_type=\"widget\" data-e-type=\"widget\" data-widget_type=\"text-editor.default\">\n\t\t\t\t<div class=\"elementor-widget-container\">\n\t\t\t\t\t\t\t\t\t<p><span style=\"font-weight: 400;\">O chamado de parir sozinhas em nossas casas, e de s\u00f3 querer a intimidade do nosso lugar e a companhia de parceir@s, filh@s e \u00e0s vezes parentes e amigas (e n\u00e3o necessariamente de um profissional da \u00e1rea, como parteiras, m\u00e9dicos, doulas, enfermeiras\u2026) n\u00e3o tem necessariamente uma explica\u00e7\u00e3o l\u00f3gica.<\/span><\/p><p><span style=\"font-weight: 400;\">Podemos, individualmente, nomear v\u00e1rias teorias do porque existe esse chamado. \n\nAlgumas n\u00e3o sabem, enquanto outras sabem claramente o porqu\u00ea desse chamado\u2026 E ainda outras, v\u00e3o descobrindo durante a jornada de onde vem esse chamado t\u00e3o genu\u00edno e gritante que buscamos honrar a todo custo.<\/span><\/p>\t\t\t\t\t\t\t\t<\/div>\n\t\t\t\t<\/div>\n\t\t\t\t\t<\/div>\n\t\t\t\t<\/div>\n\t\t<div class=\"elementor-element elementor-element-d03e8a7 elementor-hidden-tablet elementor-hidden-mobile e-flex e-con-boxed e-con e-parent\" data-id=\"d03e8a7\" data-element_type=\"container\" data-e-type=\"container\">\n\t\t\t\t\t<div class=\"e-con-inner\">\n\t\t<div class=\"elementor-element elementor-element-a7cc395 e-con-full e-flex e-con e-child\" data-id=\"a7cc395\" data-element_type=\"container\" data-e-type=\"container\">\n\t\t\t\t<div class=\"elementor-element elementor-element-af60318 elementor-widget elementor-widget-text-editor\" data-id=\"af60318\" data-element_type=\"widget\" data-e-type=\"widget\" data-widget_type=\"text-editor.default\">\n\t\t\t\t<div class=\"elementor-widget-container\">\n\t\t\t\t\t\t\t\t\t<p>Mas, de uma coisa temos certeza desde o mais profundo dos nossos cora\u00e7\u00f5es: somos mam\u00edferas e somos perfeitamente capazes de gestar, parir e maternar nossas crias. Isso \u00e9 indiscut\u00edvel e por mais que haja protocolos e poucas evid\u00eancias que tratam de \u201cnos tirar\u201d esse poder de perfei\u00e7\u00e3o, seguimos demonstrando cada vez mais que \u00e9 inevit\u00e1vel pegarmos as r\u00e9deas deste momento para viver e sentir isso que nos grita desde as v\u00edsceras.<\/p>\t\t\t\t\t\t\t\t<\/div>\n\t\t\t\t<\/div>\n\t\t\t\t<\/div>\n\t\t<div class=\"elementor-element elementor-element-bea11f9 e-con-full e-flex e-con e-child\" data-id=\"bea11f9\" data-element_type=\"container\" data-e-type=\"container\">\n\t\t\t\t<div class=\"elementor-element elementor-element-79caaf3 elementor-widget elementor-widget-image\" data-id=\"79caaf3\" data-element_type=\"widget\" data-e-type=\"widget\" data-widget_type=\"image.default\">\n\t\t\t\t<div class=\"elementor-widget-container\">\n\t\t\t\t\t\t\t\t\t\t\t\t\t\t\t<img fetchpriority=\"high\" decoding=\"async\" width=\"768\" height=\"1029\" src=\"https:\/\/alejandrapartera.com\/wp-content\/uploads\/2024\/08\/parto-dinah-768x1029.webp\" class=\"attachment-medium_large size-medium_large wp-image-422\" alt=\"\" srcset=\"https:\/\/alejandrapartera.com\/wp-content\/uploads\/2024\/08\/parto-dinah-768x1029.webp 768w, https:\/\/alejandrapartera.com\/wp-content\/uploads\/2024\/08\/parto-dinah-224x300.webp 224w, https:\/\/alejandrapartera.com\/wp-content\/uploads\/2024\/08\/parto-dinah-764x1024.webp 764w, https:\/\/alejandrapartera.com\/wp-content\/uploads\/2024\/08\/parto-dinah-1146x1536.webp 1146w, https:\/\/alejandrapartera.com\/wp-content\/uploads\/2024\/08\/parto-dinah-scaled.webp 1433w\" sizes=\"(max-width: 768px) 100vw, 768px\" \/>\t\t\t\t\t\t\t\t\t\t\t\t\t\t\t<\/div>\n\t\t\t\t<\/div>\n\t\t\t\t<\/div>\n\t\t\t\t\t<\/div>\n\t\t\t\t<\/div>\n\t\t<div class=\"elementor-element elementor-element-fa27db0 elementor-hidden-desktop e-flex e-con-boxed e-con e-parent\" data-id=\"fa27db0\" data-element_type=\"container\" data-e-type=\"container\">\n\t\t\t\t\t<div class=\"e-con-inner\">\n\t\t<div class=\"elementor-element elementor-element-05d587e e-con-full e-flex e-con e-child\" data-id=\"05d587e\" data-element_type=\"container\" data-e-type=\"container\">\n\t\t\t\t<div class=\"elementor-element elementor-element-c93f1d0 elementor-widget elementor-widget-image\" data-id=\"c93f1d0\" data-element_type=\"widget\" data-e-type=\"widget\" data-widget_type=\"image.default\">\n\t\t\t\t<div class=\"elementor-widget-container\">\n\t\t\t\t\t\t\t\t\t\t\t\t\t\t\t<img decoding=\"async\" src=\"https:\/\/alejandrapartera.com\/wp-content\/uploads\/elementor\/thumbs\/parto-dinah-scaled-qt1hrvo2wbq3nhmtlhet23u08gwjvcghb10phc2t4w.webp\" title=\"parto dinah\" alt=\"parto dinah\" loading=\"lazy\" \/>\t\t\t\t\t\t\t\t\t\t\t\t\t\t\t<\/div>\n\t\t\t\t<\/div>\n\t\t\t\t<div class=\"elementor-element elementor-element-25fd91b elementor-widget elementor-widget-text-editor\" data-id=\"25fd91b\" data-element_type=\"widget\" data-e-type=\"widget\" data-widget_type=\"text-editor.default\">\n\t\t\t\t<div class=\"elementor-widget-container\">\n\t\t\t\t\t\t\t\t\t<p>Mas, de uma coisa temos certeza desde o mais profundo dos nossos cora\u00e7\u00f5es: somos mam\u00edferas e somos perfeitamente capazes de gestar, parir e maternar nossas crias. Isso \u00e9 indiscut\u00edvel e por mais que haja protocolos e poucas evid\u00eancias que tratam de \u201cnos tirar\u201d esse poder de perfei\u00e7\u00e3o, seguimos demonstrando cada vez mais que \u00e9 inevit\u00e1vel pegarmos as r\u00e9deas deste momento para viver e sentir isso que nos grita desde as v\u00edsceras.<\/p>\t\t\t\t\t\t\t\t<\/div>\n\t\t\t\t<\/div>\n\t\t\t\t<\/div>\n\t\t\t\t\t<\/div>\n\t\t\t\t<\/div>\n\t\t<div class=\"elementor-element elementor-element-e17b4e6 e-flex e-con-boxed e-con e-parent\" data-id=\"e17b4e6\" data-element_type=\"container\" data-e-type=\"container\">\n\t\t\t\t\t<div class=\"e-con-inner\">\n\t\t\t\t<div class=\"elementor-element elementor-element-a8ea5b1 elementor-widget elementor-widget-text-editor\" data-id=\"a8ea5b1\" data-element_type=\"widget\" data-e-type=\"widget\" data-widget_type=\"text-editor.default\">\n\t\t\t\t<div class=\"elementor-widget-container\">\n\t\t\t\t\t\t\t\t\t<p>Muitos s\u00e3o os mist\u00e9rios e devemos aprender a coexistir com eles. E eu, como mulher que quis e sigo querendo viver a experi\u00eancia de partos auto assistidos, APOIO E ACOMPANHO qualquer mulher que venha at\u00e9 mim com este chamado visceral e genu\u00edno, sem nenhum tipo de julgamento.<\/p>\t\t\t\t\t\t\t\t<\/div>\n\t\t\t\t<\/div>\n\t\t\t\t<div class=\"elementor-element elementor-element-75565ba elementor-widget elementor-widget-text-editor\" data-id=\"75565ba\" data-element_type=\"widget\" data-e-type=\"widget\" data-widget_type=\"text-editor.default\">\n\t\t\t\t<div class=\"elementor-widget-container\">\n\t\t\t\t\t\t\t\t\t<p>Muitas vezes, ter outra mulher ao nosso lado dizendo \u201cEstamos juntas\u201d \u00e9 o suficiente.<\/p>\t\t\t\t\t\t\t\t<\/div>\n\t\t\t\t<\/div>\n\t\t\t\t\t<\/div>\n\t\t\t\t<\/div>\n\t\t<div class=\"elementor-element elementor-element-5ab69e1 e-flex e-con-boxed e-con e-parent\" data-id=\"5ab69e1\" data-element_type=\"container\" data-e-type=\"container\">\n\t\t\t\t\t<div class=\"e-con-inner\">\n\t\t<div class=\"elementor-element elementor-element-82b8b31 e-con-full e-flex e-con e-child\" data-id=\"82b8b31\" data-element_type=\"container\" data-e-type=\"container\">\n\t\t\t\t<div class=\"elementor-element elementor-element-1edb048 elementor-widget elementor-widget-image\" data-id=\"1edb048\" data-element_type=\"widget\" data-e-type=\"widget\" data-widget_type=\"image.default\">\n\t\t\t\t<div class=\"elementor-widget-container\">\n\t\t\t\t\t\t\t\t\t\t\t\t\t\t\t<img decoding=\"async\" width=\"336\" height=\"280\" src=\"https:\/\/alejandrapartera.com\/wp-content\/uploads\/2024\/08\/1-1.webp\" class=\"attachment-large size-large wp-image-421\" alt=\"\" srcset=\"https:\/\/alejandrapartera.com\/wp-content\/uploads\/2024\/08\/1-1.webp 336w, https:\/\/alejandrapartera.com\/wp-content\/uploads\/2024\/08\/1-1-300x250.webp 300w\" sizes=\"(max-width: 336px) 100vw, 336px\" \/>\t\t\t\t\t\t\t\t\t\t\t\t\t\t\t<\/div>\n\t\t\t\t<\/div>\n\t\t\t\t<\/div>\n\t\t<div class=\"elementor-element elementor-element-fc3bc44 e-con-full e-flex e-con e-child\" data-id=\"fc3bc44\" data-element_type=\"container\" data-e-type=\"container\">\n\t\t\t\t<div class=\"elementor-element elementor-element-ade007a elementor-widget elementor-widget-image\" data-id=\"ade007a\" data-element_type=\"widget\" data-e-type=\"widget\" data-widget_type=\"image.default\">\n\t\t\t\t<div class=\"elementor-widget-container\">\n\t\t\t\t\t\t\t\t\t\t\t\t\t\t\t<img decoding=\"async\" width=\"336\" height=\"280\" src=\"https:\/\/alejandrapartera.com\/wp-content\/uploads\/2024\/08\/2-1.webp\" class=\"attachment-large size-large wp-image-419\" alt=\"\" srcset=\"https:\/\/alejandrapartera.com\/wp-content\/uploads\/2024\/08\/2-1.webp 336w, https:\/\/alejandrapartera.com\/wp-content\/uploads\/2024\/08\/2-1-300x250.webp 300w\" sizes=\"(max-width: 336px) 100vw, 336px\" \/>\t\t\t\t\t\t\t\t\t\t\t\t\t\t\t<\/div>\n\t\t\t\t<\/div>\n\t\t\t\t<\/div>\n\t\t<div class=\"elementor-element elementor-element-e0bbd13 e-con-full e-flex e-con e-child\" data-id=\"e0bbd13\" data-element_type=\"container\" data-e-type=\"container\">\n\t\t\t\t<div class=\"elementor-element elementor-element-921bbd0 elementor-widget elementor-widget-image\" data-id=\"921bbd0\" data-element_type=\"widget\" data-e-type=\"widget\" data-widget_type=\"image.default\">\n\t\t\t\t<div class=\"elementor-widget-container\">\n\t\t\t\t\t\t\t\t\t\t\t\t\t\t\t<img loading=\"lazy\" decoding=\"async\" width=\"336\" height=\"280\" src=\"https:\/\/alejandrapartera.com\/wp-content\/uploads\/2024\/08\/3.webp\" class=\"attachment-large size-large wp-image-420\" alt=\"\" srcset=\"https:\/\/alejandrapartera.com\/wp-content\/uploads\/2024\/08\/3.webp 336w, https:\/\/alejandrapartera.com\/wp-content\/uploads\/2024\/08\/3-300x250.webp 300w\" sizes=\"(max-width: 336px) 100vw, 336px\" \/>\t\t\t\t\t\t\t\t\t\t\t\t\t\t\t<\/div>\n\t\t\t\t<\/div>\n\t\t\t\t<\/div>\n\t\t\t\t\t<\/div>\n\t\t\t\t<\/div>\n\t\t<div class=\"elementor-element elementor-element-56b42f4 e-flex e-con-boxed e-con e-parent\" data-id=\"56b42f4\" data-element_type=\"container\" data-e-type=\"container\">\n\t\t\t\t\t<div class=\"e-con-inner\">\n\t\t\t\t<div class=\"elementor-element elementor-element-040c637 elementor-widget__width-initial elementor-widget-mobile__width-inherit elementor-widget elementor-widget-text-editor\" data-id=\"040c637\" data-element_type=\"widget\" data-e-type=\"widget\" data-widget_type=\"text-editor.default\">\n\t\t\t\t<div class=\"elementor-widget-container\">\n\t\t\t\t\t\t\t\t\t<p><span style=\"font-weight: 400;\">Se isso ressoa com voc\u00ea e se voc\u00ea sente o chamado de viver um parto auto assistido e gostaria de contar com o meu apoio, clique aqui para conhecer mais sobre o meu trabalho e sobre como posso te oferecer apoio neste momento \u00fanico e visceral da sua vida. <\/span><\/p>\t\t\t\t\t\t\t\t<\/div>\n\t\t\t\t<\/div>\n\t\t\t\t<div class=\"elementor-element elementor-element-ae0acfd elementor-align-center elementor-mobile-align-center elementor-widget elementor-widget-button\" data-id=\"ae0acfd\" data-element_type=\"widget\" data-e-type=\"widget\" data-widget_type=\"button.default\">\n\t\t\t\t<div class=\"elementor-widget-container\">\n\t\t\t\t\t\t\t\t\t<div class=\"elementor-button-wrapper\">\n\t\t\t\t\t<a class=\"elementor-button elementor-button-link elementor-size-sm\" href=\"https:\/\/wa.me\/34632138277\">\n\t\t\t\t\t\t<span class=\"elementor-button-content-wrapper\">\n\t\t\t\t\t\t\t\t\t<span class=\"elementor-button-text\">Whatsapp<\/span>\n\t\t\t\t\t<\/span>\n\t\t\t\t\t<\/a>\n\t\t\t\t<\/div>\n\t\t\t\t\t\t\t\t<\/div>\n\t\t\t\t<\/div>\n\t\t\t\t<div class=\"elementor-element elementor-element-74ce54c elementor-widget elementor-widget-image\" data-id=\"74ce54c\" data-element_type=\"widget\" data-e-type=\"widget\" data-widget_type=\"image.default\">\n\t\t\t\t<div class=\"elementor-widget-container\">\n\t\t\t\t\t\t\t\t\t\t\t\t\t\t\t<img loading=\"lazy\" decoding=\"async\" width=\"1056\" height=\"501\" src=\"https:\/\/alejandrapartera.com\/wp-content\/uploads\/2024\/08\/autog2.webp\" class=\"attachment-full size-full wp-image-410\" alt=\"\" srcset=\"https:\/\/alejandrapartera.com\/wp-content\/uploads\/2024\/08\/autog2.webp 1056w, https:\/\/alejandrapartera.com\/wp-content\/uploads\/2024\/08\/autog2-300x142.webp 300w, https:\/\/alejandrapartera.com\/wp-content\/uploads\/2024\/08\/autog2-1024x486.webp 1024w, https:\/\/alejandrapartera.com\/wp-content\/uploads\/2024\/08\/autog2-768x364.webp 768w\" sizes=\"(max-width: 1056px) 100vw, 1056px\" \/>\t\t\t\t\t\t\t\t\t\t\t\t\t\t\t<\/div>\n\t\t\t\t<\/div>\n\t\t\t\t\t<\/div>\n\t\t\t\t<\/div>\n\t\t\t\t<\/div>","protected":false},"excerpt":{"rendered":"<p>Empec\u00e9 mi camino en el universo del Embarazo, el parto y la maternidad teniendo un parto autogestionado. Esto lo eleg\u00ed para parir mis 4 hijos, y sin duda, lo seguir\u00eda eligiendo. De d\u00f3nde viene ese llamado de parir solas en nuestras casas, de solo querer la intimidad de nuestro hogar, compa\u00f1er@s, hij@s y hasta a [&hellip;]<\/p>\n","protected":false},"author":1,"featured_media":0,"parent":0,"menu_order":0,"comment_status":"closed","ping_status":"closed","template":"","meta":{"footnotes":""},"class_list":["post-210","page","type-page","status-publish","hentry"],"_links":{"self":[{"href":"https:\/\/alejandrapartera.com\/pt\/wp-json\/wp\/v2\/pages\/210"}],"collection":[{"href":"https:\/\/alejandrapartera.com\/pt\/wp-json\/wp\/v2\/pages"}],"about":[{"href":"https:\/\/alejandrapartera.com\/pt\/wp-json\/wp\/v2\/types\/page"}],"author":[{"embeddable":true,"href":"https:\/\/alejandrapartera.com\/pt\/wp-json\/wp\/v2\/users\/1"}],"replies":[{"embeddable":true,"href":"https:\/\/alejandrapartera.com\/pt\/wp-json\/wp\/v2\/comments?post=210"}],"version-history":[{"count":83,"href":"https:\/\/alejandrapartera.com\/pt\/wp-json\/wp\/v2\/pages\/210\/revisions"}],"predecessor-version":[{"id":913,"href":"https:\/\/alejandrapartera.com\/pt\/wp-json\/wp\/v2\/pages\/210\/revisions\/913"}],"wp:attachment":[{"href":"https:\/\/alejandrapartera.com\/pt\/wp-json\/wp\/v2\/media?parent=210"}],"curies":[{"name":"wp","href":"https:\/\/api.w.org\/{rel}","templated":true}]}}