{"id":324,"date":"2024-08-21T14:44:28","date_gmt":"2024-08-21T14:44:28","guid":{"rendered":"https:\/\/alejandrapartera.com\/?page_id=324"},"modified":"2025-04-18T11:57:57","modified_gmt":"2025-04-18T11:57:57","slug":"embarazadas","status":"publish","type":"page","link":"https:\/\/alejandrapartera.com\/pt\/embarazadas\/","title":{"rendered":"Gestantes"},"content":{"rendered":"<div data-elementor-type=\"wp-page\" data-elementor-id=\"324\" class=\"elementor elementor-324\">\n\t\t\t\t<div class=\"elementor-element elementor-element-f9417a0 e-flex e-con-boxed e-con e-parent\" data-id=\"f9417a0\" data-element_type=\"container\" data-e-type=\"container\">\n\t\t\t\t\t<div class=\"e-con-inner\">\n\t\t\t\t<div class=\"elementor-element elementor-element-ba510fe elementor-widget__width-initial elementor-widget elementor-widget-heading\" data-id=\"ba510fe\" data-element_type=\"widget\" data-e-type=\"widget\" data-widget_type=\"heading.default\">\n\t\t\t\t<div class=\"elementor-widget-container\">\n\t\t\t\t\t<h2 class=\"elementor-heading-title elementor-size-default\">Muitas vezes n\u00e3o temos a certeza de onde vamos parir, mas sim, sabemos que queremos um acompanhamento que ressoe com n\u00f3s mesmas, e que tenha algu\u00e9m que nos inspire a observar os pontos de vista e os caminhos que existem na experi\u00eancia de viver a gravidez, sem julgar ou impor nada.<\/h2>\t\t\t\t<\/div>\n\t\t\t\t<\/div>\n\t\t\t\t<div class=\"elementor-element elementor-element-bf3277e elementor-arrows-position-outside elementor-pagination-position-outside elementor-widget elementor-widget-image-carousel\" data-id=\"bf3277e\" data-element_type=\"widget\" data-e-type=\"widget\" data-settings=\"{&quot;image_spacing_custom&quot;:{&quot;unit&quot;:&quot;px&quot;,&quot;size&quot;:51,&quot;sizes&quot;:[]},&quot;navigation&quot;:&quot;both&quot;,&quot;autoplay&quot;:&quot;yes&quot;,&quot;pause_on_hover&quot;:&quot;yes&quot;,&quot;pause_on_interaction&quot;:&quot;yes&quot;,&quot;autoplay_speed&quot;:5000,&quot;infinite&quot;:&quot;yes&quot;,&quot;speed&quot;:500,&quot;image_spacing_custom_tablet&quot;:{&quot;unit&quot;:&quot;px&quot;,&quot;size&quot;:&quot;&quot;,&quot;sizes&quot;:[]},&quot;image_spacing_custom_mobile&quot;:{&quot;unit&quot;:&quot;px&quot;,&quot;size&quot;:&quot;&quot;,&quot;sizes&quot;:[]}}\" data-widget_type=\"image-carousel.default\">\n\t\t\t\t<div class=\"elementor-widget-container\">\n\t\t\t\t\t\t\t<div class=\"elementor-image-carousel-wrapper swiper\" role=\"region\" aria-roledescription=\"carousel\" aria-label=\"Carrossel de imagens\" dir=\"ltr\">\n\t\t\t<div class=\"elementor-image-carousel swiper-wrapper\" aria-live=\"off\">\n\t\t\t\t\t\t\t\t<div class=\"swiper-slide\" role=\"group\" aria-roledescription=\"slide\" aria-label=\"1 de 9\"><figure class=\"swiper-slide-inner\"><img decoding=\"async\" class=\"swiper-slide-image\" src=\"https:\/\/alejandrapartera.com\/wp-content\/uploads\/2024\/08\/emb10_-1_______-scaled.webp\" alt=\"emb10_ (1)_______\" \/><\/figure><\/div><div class=\"swiper-slide\" role=\"group\" aria-roledescription=\"slide\" aria-label=\"2 de 9\"><figure class=\"swiper-slide-inner\"><img decoding=\"async\" class=\"swiper-slide-image\" src=\"https:\/\/alejandrapartera.com\/wp-content\/uploads\/2024\/08\/emb11-1______.webp\" alt=\"emb11 (1)______\" \/><\/figure><\/div><div class=\"swiper-slide\" role=\"group\" aria-roledescription=\"slide\" aria-label=\"3 de 9\"><figure class=\"swiper-slide-inner\"><img decoding=\"async\" class=\"swiper-slide-image\" src=\"https:\/\/alejandrapartera.com\/wp-content\/uploads\/2024\/08\/embb-768x1015.webp\" alt=\"embb\" \/><\/figure><\/div><div class=\"swiper-slide\" role=\"group\" aria-roledescription=\"slide\" aria-label=\"4 de 9\"><figure class=\"swiper-slide-inner\"><img decoding=\"async\" class=\"swiper-slide-image\" src=\"https:\/\/alejandrapartera.com\/wp-content\/uploads\/2024\/08\/emb13.jpg\" alt=\"emb13\" \/><\/figure><\/div><div class=\"swiper-slide\" role=\"group\" aria-roledescription=\"slide\" aria-label=\"5 de 9\"><figure class=\"swiper-slide-inner\"><img decoding=\"async\" class=\"swiper-slide-image\" src=\"https:\/\/alejandrapartera.com\/wp-content\/uploads\/2024\/08\/emb2-768x1024.jpg\" alt=\"emb2\" \/><\/figure><\/div><div class=\"swiper-slide\" role=\"group\" aria-roledescription=\"slide\" aria-label=\"6 de 9\"><figure class=\"swiper-slide-inner\"><img decoding=\"async\" class=\"swiper-slide-image\" src=\"https:\/\/alejandrapartera.com\/wp-content\/uploads\/2024\/08\/emb1-768x1024.webp\" alt=\"emb1\" \/><\/figure><\/div><div class=\"swiper-slide\" role=\"group\" aria-roledescription=\"slide\" aria-label=\"7 de 9\"><figure class=\"swiper-slide-inner\"><img decoding=\"async\" class=\"swiper-slide-image\" src=\"https:\/\/alejandrapartera.com\/wp-content\/uploads\/2024\/08\/emb3-768x1026.webp\" alt=\"emb3\" \/><\/figure><\/div><div class=\"swiper-slide\" role=\"group\" aria-roledescription=\"slide\" aria-label=\"8 de 9\"><figure class=\"swiper-slide-inner\"><img decoding=\"async\" class=\"swiper-slide-image\" src=\"https:\/\/alejandrapartera.com\/wp-content\/uploads\/2024\/08\/emb5-768x1024.webp\" alt=\"emb5\" \/><\/figure><\/div><div class=\"swiper-slide\" role=\"group\" aria-roledescription=\"slide\" aria-label=\"9 de 9\"><figure class=\"swiper-slide-inner\"><img decoding=\"async\" class=\"swiper-slide-image\" src=\"https:\/\/alejandrapartera.com\/wp-content\/uploads\/2024\/08\/emb7-768x1024.webp\" alt=\"emb7\" \/><\/figure><\/div>\t\t\t<\/div>\n\t\t\t\t\t\t\t\t\t\t\t\t<div class=\"elementor-swiper-button elementor-swiper-button-prev\" role=\"button\" tabindex=\"0\">\n\t\t\t\t\t\t<svg aria-hidden=\"true\" class=\"e-font-icon-svg e-eicon-chevron-left\" viewbox=\"0 0 1000 1000\" xmlns=\"http:\/\/www.w3.org\/2000\/svg\"><path d=\"M646 125C629 125 613 133 604 142L308 442C296 454 292 471 292 487 292 504 296 521 308 533L604 854C617 867 629 875 646 875 663 875 679 871 692 858 704 846 713 829 713 812 713 796 708 779 692 767L438 487 692 225C700 217 708 204 708 187 708 171 704 154 692 142 675 129 663 125 646 125Z\"><\/path><\/svg>\t\t\t\t\t<\/div>\n\t\t\t\t\t<div class=\"elementor-swiper-button elementor-swiper-button-next\" role=\"button\" tabindex=\"0\">\n\t\t\t\t\t\t<svg aria-hidden=\"true\" class=\"e-font-icon-svg e-eicon-chevron-right\" viewbox=\"0 0 1000 1000\" xmlns=\"http:\/\/www.w3.org\/2000\/svg\"><path d=\"M696 533C708 521 713 504 713 487 713 471 708 454 696 446L400 146C388 133 375 125 354 125 338 125 325 129 313 142 300 154 292 171 292 187 292 204 296 221 308 233L563 492 304 771C292 783 288 800 288 817 288 833 296 850 308 863 321 871 338 875 354 875 371 875 388 867 400 854L696 533Z\"><\/path><\/svg>\t\t\t\t\t<\/div>\n\t\t\t\t\n\t\t\t\t\t\t\t\t\t<div class=\"swiper-pagination\"><\/div>\n\t\t\t\t\t\t\t\t\t<\/div>\n\t\t\t\t\t\t<\/div>\n\t\t\t\t<\/div>\n\t\t\t\t<div class=\"elementor-element elementor-element-fb136ef elementor-widget elementor-widget-heading\" data-id=\"fb136ef\" data-element_type=\"widget\" data-e-type=\"widget\" data-widget_type=\"heading.default\">\n\t\t\t\t<div class=\"elementor-widget-container\">\n\t\t\t\t\t<h2 class=\"elementor-heading-title elementor-size-default\">Esse \u00e9 o meu chamado! <\/h2>\t\t\t\t<\/div>\n\t\t\t\t<\/div>\n\t\t\t\t<div class=\"elementor-element elementor-element-49120a8 elementor-widget elementor-widget-text-editor\" data-id=\"49120a8\" data-element_type=\"widget\" data-e-type=\"widget\" data-widget_type=\"text-editor.default\">\n\t\t\t\t<div class=\"elementor-widget-container\">\n\t\t\t\t\t\t\t\t\t<p><span style=\"font-weight: 400;\">Aprofundar no que est\u00e1 se passando e atravessando uma mulher no momento espec\u00edfico da gravidez, sempre priorizando sua pr\u00f3pria individualidade e a perfei\u00e7\u00e3o impec\u00e1vel de uma mulher para gestar, parir e maternar sua cria. Trazendo consci\u00eancia, nomeando o necess\u00e1rio sempre com sinceridade e amor. \n\nA confian\u00e7a e a for\u00e7a do in\u00edcio da vida s\u00e3o minhas guias para acompanhar. <\/span><\/p><p><span style=\"font-weight: 400;\">Os encontros podem variar desde o entendimento do processo fisiol\u00f3gico natural de gestar e parir naturalmente, at\u00e9 a observa\u00e7\u00e3o e compreens\u00e3o desafiantes que podem surgir (diagn\u00f3sticos, por exemplo). <\/span><span style=\"font-weight: 400;\">Mas, sobretudo, ser\u00e1 genuinamente voltado para que a mulher gr\u00e1vida encontre sua \u00fanica e perfeita maneira de viver a experi\u00eancia mais transformadora, luminosa e respeitosa que uma mulher pode ter.<\/span><\/p>\t\t\t\t\t\t\t\t<\/div>\n\t\t\t\t<\/div>\n\t\t\t\t<div class=\"elementor-element elementor-element-fed0ec7 elementor-widget elementor-widget-image\" data-id=\"fed0ec7\" data-element_type=\"widget\" data-e-type=\"widget\" data-widget_type=\"image.default\">\n\t\t\t\t<div class=\"elementor-widget-container\">\n\t\t\t\t\t\t\t\t\t\t\t\t\t\t\t<img fetchpriority=\"high\" decoding=\"async\" width=\"800\" height=\"450\" src=\"https:\/\/alejandrapartera.com\/wp-content\/uploads\/2024\/08\/20c67378-72b7-4444-b3ee-9b18992faf6b.jpg\" class=\"attachment-large size-large wp-image-600\" alt=\"\" srcset=\"https:\/\/alejandrapartera.com\/wp-content\/uploads\/2024\/08\/20c67378-72b7-4444-b3ee-9b18992faf6b.jpg 1024w, https:\/\/alejandrapartera.com\/wp-content\/uploads\/2024\/08\/20c67378-72b7-4444-b3ee-9b18992faf6b-300x169.jpg 300w, https:\/\/alejandrapartera.com\/wp-content\/uploads\/2024\/08\/20c67378-72b7-4444-b3ee-9b18992faf6b-768x432.jpg 768w\" sizes=\"(max-width: 800px) 100vw, 800px\" \/>\t\t\t\t\t\t\t\t\t\t\t\t\t\t\t<\/div>\n\t\t\t\t<\/div>\n\t\t\t\t<div class=\"elementor-element elementor-element-4af10ba elementor-widget elementor-widget-heading\" data-id=\"4af10ba\" data-element_type=\"widget\" data-e-type=\"widget\" data-widget_type=\"heading.default\">\n\t\t\t\t<div class=\"elementor-widget-container\">\n\t\t\t\t\t<h2 class=\"elementor-heading-title elementor-size-default\">Se isso faz sentido para voc\u00ea, clique no bot\u00e3o abaixo e marque um encontro comigo para saber mais.<\/h2>\t\t\t\t<\/div>\n\t\t\t\t<\/div>\n\t\t\t\t<div class=\"elementor-element elementor-element-9389dea elementor-align-center elementor-widget elementor-widget-button\" data-id=\"9389dea\" data-element_type=\"widget\" data-e-type=\"widget\" data-widget_type=\"button.default\">\n\t\t\t\t<div class=\"elementor-widget-container\">\n\t\t\t\t\t\t\t\t\t<div class=\"elementor-button-wrapper\">\n\t\t\t\t\t<a class=\"elementor-button elementor-button-link elementor-size-sm\" href=\"https:\/\/wa.me\/34632138277\">\n\t\t\t\t\t\t<span class=\"elementor-button-content-wrapper\">\n\t\t\t\t\t\t\t\t\t<span class=\"elementor-button-text\">WHATSAPP<\/span>\n\t\t\t\t\t<\/span>\n\t\t\t\t\t<\/a>\n\t\t\t\t<\/div>\n\t\t\t\t\t\t\t\t<\/div>\n\t\t\t\t<\/div>\n\t\t\t\t\t<\/div>\n\t\t\t\t<\/div>\n\t\t\t\t<\/div>","protected":false},"excerpt":{"rendered":"<p>Muchas veces no sabemos donde vamos a parir, pero s\u00ed sabemos que queremos un acompa\u00f1amiento que resuene con una, que tenga a alguien que te inspire a observar otros puntos de vista y te muestre otros caminos que existen en la experiencia de vivir el embarazo sin juzgar ni imponer nada. Ese es mi llamado! [&hellip;]<\/p>\n","protected":false},"author":1,"featured_media":0,"parent":0,"menu_order":0,"comment_status":"closed","ping_status":"closed","template":"","meta":{"footnotes":""},"class_list":["post-324","page","type-page","status-publish","hentry"],"_links":{"self":[{"href":"https:\/\/alejandrapartera.com\/pt\/wp-json\/wp\/v2\/pages\/324"}],"collection":[{"href":"https:\/\/alejandrapartera.com\/pt\/wp-json\/wp\/v2\/pages"}],"about":[{"href":"https:\/\/alejandrapartera.com\/pt\/wp-json\/wp\/v2\/types\/page"}],"author":[{"embeddable":true,"href":"https:\/\/alejandrapartera.com\/pt\/wp-json\/wp\/v2\/users\/1"}],"replies":[{"embeddable":true,"href":"https:\/\/alejandrapartera.com\/pt\/wp-json\/wp\/v2\/comments?post=324"}],"version-history":[{"count":57,"href":"https:\/\/alejandrapartera.com\/pt\/wp-json\/wp\/v2\/pages\/324\/revisions"}],"predecessor-version":[{"id":919,"href":"https:\/\/alejandrapartera.com\/pt\/wp-json\/wp\/v2\/pages\/324\/revisions\/919"}],"wp:attachment":[{"href":"https:\/\/alejandrapartera.com\/pt\/wp-json\/wp\/v2\/media?parent=324"}],"curies":[{"name":"wp","href":"https:\/\/api.w.org\/{rel}","templated":true}]}}