{"id":326,"date":"2024-08-21T14:44:54","date_gmt":"2024-08-21T14:44:54","guid":{"rendered":"https:\/\/alejandrapartera.com\/?page_id=326"},"modified":"2025-04-18T11:57:34","modified_gmt":"2025-04-18T11:57:34","slug":"guardianas-del-nacimiento","status":"publish","type":"page","link":"https:\/\/alejandrapartera.com\/pt\/guardianas-del-nacimiento\/","title":{"rendered":"Guardi\u00e3s do Nascimento"},"content":{"rendered":"<div data-elementor-type=\"wp-page\" data-elementor-id=\"326\" class=\"elementor elementor-326\">\n\t\t\t\t<div class=\"elementor-element elementor-element-cb217a6 e-flex e-con-boxed e-con e-parent\" data-id=\"cb217a6\" data-element_type=\"container\" data-e-type=\"container\">\n\t\t\t\t\t<div class=\"e-con-inner\">\n\t\t\t\t<div class=\"elementor-element elementor-element-c3972fd elementor-widget elementor-widget-heading\" data-id=\"c3972fd\" data-element_type=\"widget\" data-e-type=\"widget\" data-widget_type=\"heading.default\">\n\t\t\t\t<div class=\"elementor-widget-container\">\n\t\t\t\t\t<h2 class=\"elementor-heading-title elementor-size-default\">GUARDI\u00c3S DO NASCIMENTO <\/h2>\t\t\t\t<\/div>\n\t\t\t\t<\/div>\n\t\t\t\t<div class=\"elementor-element elementor-element-afba065 elementor-widget elementor-widget-image\" data-id=\"afba065\" data-element_type=\"widget\" data-e-type=\"widget\" data-widget_type=\"image.default\">\n\t\t\t\t<div class=\"elementor-widget-container\">\n\t\t\t\t\t\t\t\t\t\t\t\t\t\t\t<img fetchpriority=\"high\" decoding=\"async\" width=\"800\" height=\"450\" src=\"https:\/\/alejandrapartera.com\/wp-content\/uploads\/2024\/08\/guardianas-1-1024x576.webp\" class=\"attachment-large size-large wp-image-504\" alt=\"\" srcset=\"https:\/\/alejandrapartera.com\/wp-content\/uploads\/2024\/08\/guardianas-1-1024x576.webp 1024w, https:\/\/alejandrapartera.com\/wp-content\/uploads\/2024\/08\/guardianas-1-300x169.webp 300w, https:\/\/alejandrapartera.com\/wp-content\/uploads\/2024\/08\/guardianas-1-768x432.webp 768w, https:\/\/alejandrapartera.com\/wp-content\/uploads\/2024\/08\/guardianas-1.webp 1280w\" sizes=\"(max-width: 800px) 100vw, 800px\" \/>\t\t\t\t\t\t\t\t\t\t\t\t\t\t\t<\/div>\n\t\t\t\t<\/div>\n\t\t\t\t<div class=\"elementor-element elementor-element-72c048b elementor-widget elementor-widget-heading\" data-id=\"72c048b\" data-element_type=\"widget\" data-e-type=\"widget\" data-widget_type=\"heading.default\">\n\t\t\t\t<div class=\"elementor-widget-container\">\n\t\t\t\t\t<h2 class=\"elementor-heading-title elementor-size-default\">Reconhe\u00e7o que quando entramos nesse universo de gestar, parir e maternar, somos inundadas pela vontade de experimentar mais e mais, e ter a presen\u00e7a e a guian\u00e7a de outras mulheres com mais experi\u00eancia dispon\u00edveis para escutar, explicar, ensinar foi de extrema import\u00e2ncia em minha jornada, e \u00e9 por isso hoje, ofere\u00e7o suporte a outras guardi\u00e3s.\n<br><br>\nSinto que est\u00e1 nascendo uma nova forma de cuidar e perceber o in\u00edcio da vida, sem ideologias nem verdades absolutas, sem protocolos limitantes baseados em medos. <br><br>\nEm minha experi\u00eancia a confian\u00e7a \u00e9 a fonte em que bebo. Eu confio plenamente que todas tamb\u00e9m podem fazer isso. Cada uma chegou ao momento de ser parteira por algum motivo individualmente \u00fanico, e \u00e9 a partir disso que eu quero te acompanhar: para que voc\u00ea possa encontrar por voc\u00ea mesma a sua voz, o seu lugar e a forma como sente confian\u00e7a em atender gr\u00e1vidas, partos e p\u00f3s partos.\n\n<\/h2>\t\t\t\t<\/div>\n\t\t\t\t<\/div>\n\t\t\t\t<div class=\"elementor-element elementor-element-340c0e8 elementor-widget elementor-widget-heading\" data-id=\"340c0e8\" data-element_type=\"widget\" data-e-type=\"widget\" data-widget_type=\"heading.default\">\n\t\t\t\t<div class=\"elementor-widget-container\">\n\t\t\t\t\t<h2 class=\"elementor-heading-title elementor-size-default\">Hoje acompanho guardi\u00e3s de duas maneiras:<\/h2>\t\t\t\t<\/div>\n\t\t\t\t<\/div>\n\t\t\t\t\t<\/div>\n\t\t\t\t<\/div>\n\t\t<div class=\"elementor-element elementor-element-74958f0 e-flex e-con-boxed e-con e-parent\" data-id=\"74958f0\" data-element_type=\"container\" data-e-type=\"container\">\n\t\t\t\t\t<div class=\"e-con-inner\">\n\t\t<div class=\"elementor-element elementor-element-c4cf971 e-con-full e-flex e-con e-child\" data-id=\"c4cf971\" data-element_type=\"container\" data-e-type=\"container\">\n\t\t\t\t<div class=\"elementor-element elementor-element-d84470d elementor-widget elementor-widget-heading\" data-id=\"d84470d\" data-element_type=\"widget\" data-e-type=\"widget\" data-widget_type=\"heading.default\">\n\t\t\t\t<div class=\"elementor-widget-container\">\n\t\t\t\t\t<h2 class=\"elementor-heading-title elementor-size-default\">online<\/h2>\t\t\t\t<\/div>\n\t\t\t\t<\/div>\n\t\t\t\t<div class=\"elementor-element elementor-element-dae7493 elementor-widget__width-initial elementor-widget-mobile__width-inherit elementor-widget elementor-widget-text-editor\" data-id=\"dae7493\" data-element_type=\"widget\" data-e-type=\"widget\" data-widget_type=\"text-editor.default\">\n\t\t\t\t<div class=\"elementor-widget-container\">\n\t\t\t\t\t\t\t\t\t<p><span style=\"font-weight: 400;\">atrav\u00e9s de encontros ao vivo e em grupo com outras guardi\u00e3s, por zoom. Esses encontros s\u00e3o quinzenais.<\/span><\/p>\t\t\t\t\t\t\t\t<\/div>\n\t\t\t\t<\/div>\n\t\t\t\t<div class=\"elementor-element elementor-element-f23c38b elementor-align-center elementor-widget elementor-widget-button\" data-id=\"f23c38b\" data-element_type=\"widget\" data-e-type=\"widget\" data-widget_type=\"button.default\">\n\t\t\t\t<div class=\"elementor-widget-container\">\n\t\t\t\t\t\t\t\t\t<div class=\"elementor-button-wrapper\">\n\t\t\t\t\t<a class=\"elementor-button elementor-button-link elementor-size-sm\" href=\"https:\/\/wa.me\/34632138277\">\n\t\t\t\t\t\t<span class=\"elementor-button-content-wrapper\">\n\t\t\t\t\t\t\t\t\t<span class=\"elementor-button-text\">Clique para saber mais<\/span>\n\t\t\t\t\t<\/span>\n\t\t\t\t\t<\/a>\n\t\t\t\t<\/div>\n\t\t\t\t\t\t\t\t<\/div>\n\t\t\t\t<\/div>\n\t\t\t\t<\/div>\n\t\t<div class=\"elementor-element elementor-element-2ca1133 e-con-full e-flex e-con e-child\" data-id=\"2ca1133\" data-element_type=\"container\" data-e-type=\"container\">\n\t\t\t\t<div class=\"elementor-element elementor-element-0cf62ff elementor-widget elementor-widget-heading\" data-id=\"0cf62ff\" data-element_type=\"widget\" data-e-type=\"widget\" data-widget_type=\"heading.default\">\n\t\t\t\t<div class=\"elementor-widget-container\">\n\t\t\t\t\t<h2 class=\"elementor-heading-title elementor-size-default\">presenciais<\/h2>\t\t\t\t<\/div>\n\t\t\t\t<\/div>\n\t\t\t\t<div class=\"elementor-element elementor-element-7b8cc47 elementor-widget__width-initial elementor-widget-mobile__width-inherit elementor-widget elementor-widget-text-editor\" data-id=\"7b8cc47\" data-element_type=\"widget\" data-e-type=\"widget\" data-widget_type=\"text-editor.default\">\n\t\t\t\t<div class=\"elementor-widget-container\">\n\t\t\t\t\t\t\t\t\t<p><span style=\"font-weight: 400;\">Ofere\u00e7o tamb\u00e9m retiros e imers\u00f5es presenciais.<\/span><\/p>\t\t\t\t\t\t\t\t<\/div>\n\t\t\t\t<\/div>\n\t\t\t\t<div class=\"elementor-element elementor-element-aca2e1f elementor-widget elementor-widget-spacer\" data-id=\"aca2e1f\" data-element_type=\"widget\" data-e-type=\"widget\" data-widget_type=\"spacer.default\">\n\t\t\t\t<div class=\"elementor-widget-container\">\n\t\t\t\t\t\t\t<div class=\"elementor-spacer\">\n\t\t\t<div class=\"elementor-spacer-inner\"><\/div>\n\t\t<\/div>\n\t\t\t\t\t\t<\/div>\n\t\t\t\t<\/div>\n\t\t\t\t<div class=\"elementor-element elementor-element-513f091 elementor-align-center elementor-widget elementor-widget-button\" data-id=\"513f091\" data-element_type=\"widget\" data-e-type=\"widget\" data-widget_type=\"button.default\">\n\t\t\t\t<div class=\"elementor-widget-container\">\n\t\t\t\t\t\t\t\t\t<div class=\"elementor-button-wrapper\">\n\t\t\t\t\t<a class=\"elementor-button elementor-button-link elementor-size-sm\" href=\"https:\/\/alejandrapartera.com\/pt\/agenda\/\">\n\t\t\t\t\t\t<span class=\"elementor-button-content-wrapper\">\n\t\t\t\t\t\t\t\t\t<span class=\"elementor-button-text\">Clique para saber mais<\/span>\n\t\t\t\t\t<\/span>\n\t\t\t\t\t<\/a>\n\t\t\t\t<\/div>\n\t\t\t\t\t\t\t\t<\/div>\n\t\t\t\t<\/div>\n\t\t\t\t<\/div>\n\t\t\t\t\t<\/div>\n\t\t\t\t<\/div>\n\t\t<div class=\"elementor-element elementor-element-463b08e e-flex e-con-boxed e-con e-parent\" data-id=\"463b08e\" data-element_type=\"container\" data-e-type=\"container\">\n\t\t\t\t\t<div class=\"e-con-inner\">\n\t\t\t\t\t<\/div>\n\t\t\t\t<\/div>\n\t\t\t\t<\/div>","protected":false},"excerpt":{"rendered":"<p>Guardianas del nacimiento Cuando inicie mi camino de partera, muchas cuestiones fueron apareciendo despu\u00e9s de cada consulta, parto o pos parto que atend\u00eda. Como a la mayor\u00eda que entra en este universo del gestar, parir y maternar, nos inunda la voluntad por experimentar m\u00e1s y m\u00e1s, tener mujeres con experiencia disponibles para escucharme , explicarme, [&hellip;]<\/p>\n","protected":false},"author":1,"featured_media":0,"parent":0,"menu_order":0,"comment_status":"closed","ping_status":"closed","template":"","meta":{"footnotes":""},"class_list":["post-326","page","type-page","status-publish","hentry"],"_links":{"self":[{"href":"https:\/\/alejandrapartera.com\/pt\/wp-json\/wp\/v2\/pages\/326"}],"collection":[{"href":"https:\/\/alejandrapartera.com\/pt\/wp-json\/wp\/v2\/pages"}],"about":[{"href":"https:\/\/alejandrapartera.com\/pt\/wp-json\/wp\/v2\/types\/page"}],"author":[{"embeddable":true,"href":"https:\/\/alejandrapartera.com\/pt\/wp-json\/wp\/v2\/users\/1"}],"replies":[{"embeddable":true,"href":"https:\/\/alejandrapartera.com\/pt\/wp-json\/wp\/v2\/comments?post=326"}],"version-history":[{"count":49,"href":"https:\/\/alejandrapartera.com\/pt\/wp-json\/wp\/v2\/pages\/326\/revisions"}],"predecessor-version":[{"id":916,"href":"https:\/\/alejandrapartera.com\/pt\/wp-json\/wp\/v2\/pages\/326\/revisions\/916"}],"wp:attachment":[{"href":"https:\/\/alejandrapartera.com\/pt\/wp-json\/wp\/v2\/media?parent=326"}],"curies":[{"name":"wp","href":"https:\/\/api.w.org\/{rel}","templated":true}]}}