{"id":95,"date":"2024-07-31T00:03:42","date_gmt":"2024-07-31T00:03:42","guid":{"rendered":"https:\/\/alejandrapartera.com\/?page_id=95"},"modified":"2024-08-26T22:00:27","modified_gmt":"2024-08-26T22:00:27","slug":"bio","status":"publish","type":"page","link":"https:\/\/alejandrapartera.com\/pt\/bio\/","title":{"rendered":"bio"},"content":{"rendered":"<div data-elementor-type=\"wp-page\" data-elementor-id=\"95\" class=\"elementor elementor-95\">\n\t\t\t\t<div class=\"elementor-element elementor-element-ab3e0f6 e-flex e-con-boxed e-con e-parent\" data-id=\"ab3e0f6\" data-element_type=\"container\" data-e-type=\"container\" data-settings=\"{&quot;background_background&quot;:&quot;slideshow&quot;,&quot;background_slideshow_gallery&quot;:[],&quot;background_slideshow_loop&quot;:&quot;yes&quot;,&quot;background_slideshow_slide_duration&quot;:5000,&quot;background_slideshow_slide_transition&quot;:&quot;fade&quot;,&quot;background_slideshow_transition_duration&quot;:500}\">\n\t\t\t\t\t<div class=\"e-con-inner\">\n\t\t\t\t<div class=\"elementor-element elementor-element-49f76d6 elementor-widget elementor-widget-image\" data-id=\"49f76d6\" data-element_type=\"widget\" data-e-type=\"widget\" data-widget_type=\"image.default\">\n\t\t\t\t<div class=\"elementor-widget-container\">\n\t\t\t\t\t\t\t\t\t\t\t\t\t\t\t<img fetchpriority=\"high\" decoding=\"async\" width=\"1365\" height=\"768\" src=\"https:\/\/alejandrapartera.com\/wp-content\/uploads\/2024\/08\/IMG_2738-1-comp-1-ph.webp\" class=\"attachment-full size-full wp-image-306\" alt=\"\" srcset=\"https:\/\/alejandrapartera.com\/wp-content\/uploads\/2024\/08\/IMG_2738-1-comp-1-ph.webp 1365w, https:\/\/alejandrapartera.com\/wp-content\/uploads\/2024\/08\/IMG_2738-1-comp-1-ph-300x169.webp 300w, https:\/\/alejandrapartera.com\/wp-content\/uploads\/2024\/08\/IMG_2738-1-comp-1-ph-1024x576.webp 1024w, https:\/\/alejandrapartera.com\/wp-content\/uploads\/2024\/08\/IMG_2738-1-comp-1-ph-768x432.webp 768w\" sizes=\"(max-width: 1365px) 100vw, 1365px\" \/>\t\t\t\t\t\t\t\t\t\t\t\t\t\t\t<\/div>\n\t\t\t\t<\/div>\n\t\t\t\t<div class=\"elementor-element elementor-element-f4df453 elementor-widget elementor-widget-heading\" data-id=\"f4df453\" data-element_type=\"widget\" data-e-type=\"widget\" data-widget_type=\"heading.default\">\n\t\t\t\t<div class=\"elementor-widget-container\">\n\t\t\t\t\t<h2 class=\"elementor-heading-title elementor-size-default\">Sou Alejandra Dydzinsky <\/h2>\t\t\t\t<\/div>\n\t\t\t\t<\/div>\n\t\t\t\t<div class=\"elementor-element elementor-element-9d0517f elementor-widget elementor-widget-heading\" data-id=\"9d0517f\" data-element_type=\"widget\" data-e-type=\"widget\" data-widget_type=\"heading.default\">\n\t\t\t\t<div class=\"elementor-widget-container\">\n\t\t\t\t\t<h2 class=\"elementor-heading-title elementor-size-default\">m\u00e3e, parteira e mulher nesta terra.<\/h2>\t\t\t\t<\/div>\n\t\t\t\t<\/div>\n\t\t\t\t\t<\/div>\n\t\t\t\t<\/div>\n\t\t<div class=\"elementor-element elementor-element-05853bf e-flex e-con-boxed e-con e-parent\" data-id=\"05853bf\" data-element_type=\"container\" data-e-type=\"container\">\n\t\t\t\t\t<div class=\"e-con-inner\">\n\t\t\t\t<div class=\"elementor-element elementor-element-784a728 elementor-widget__width-initial elementor-widget elementor-widget-heading\" data-id=\"784a728\" data-element_type=\"widget\" data-e-type=\"widget\" data-widget_type=\"heading.default\">\n\t\t\t\t<div class=\"elementor-widget-container\">\n\t\t\t\t\t<h2 class=\"elementor-heading-title elementor-size-default\">Nasci em Buenos Aires, Argentina, em 1983. Na minha inf\u00e2ncia tive a oportunidade de frequentar uma escola Waldorf e de ser tratada com homeopatia desde a minha vida intrauterina. Aos meus 19 anos, me mudei para o sul do Brasil.\n<br><br>\nQuando cheguei ao Brasil, vivi em uma comunidade de pescadores, onde trabalhava em um projeto de educa\u00e7\u00e3o ambiental com filhos e netos de pescadores, dando oficinas de artes e teatro e levando as crian\u00e7as para conhecerem o ambiente natural da Mata Atl\u00e2ntica.\n<br><br>\nMeu encontro com a natureza exuberante e imponente foi tudo o que eu precisava para come\u00e7ar o meu caminho de reconex\u00e3o e unidade.\n<\/h2>\t\t\t\t<\/div>\n\t\t\t\t<\/div>\n\t\t\t\t<div class=\"elementor-element elementor-element-e716fe2 elementor-widget__width-initial elementor-widget elementor-widget-heading\" data-id=\"e716fe2\" data-element_type=\"widget\" data-e-type=\"widget\" data-widget_type=\"heading.default\">\n\t\t\t\t<div class=\"elementor-widget-container\">\n\t\t\t\t\t<h2 class=\"elementor-heading-title elementor-size-default\">Em 2006, aos 22 anos, gestei e pari a minha primeira filha. Eu optei por um parto auto assistido, ent\u00e3o, e naquele momento nasceu a minha filha e a Alejandra Parteira.Tudo come\u00e7ou l\u00e1, naquela experi\u00eancia simples, visceral e desafiadora um DESPERTAR viciante em meu caminho e em minha vida.<\/h2>\t\t\t\t<\/div>\n\t\t\t\t<\/div>\n\t\t\t\t<div class=\"elementor-element elementor-element-30270b7 elementor-widget__width-initial elementor-widget elementor-widget-heading\" data-id=\"30270b7\" data-element_type=\"widget\" data-e-type=\"widget\" data-widget_type=\"heading.default\">\n\t\t\t\t<div class=\"elementor-widget-container\">\n\t\t\t\t\t<h2 class=\"elementor-heading-title elementor-size-default\">Mergulhei no universo do gestar, parir e maternar. <\/h2>\t\t\t\t<\/div>\n\t\t\t\t<\/div>\n\t\t\t\t<div class=\"elementor-element elementor-element-d97475b elementor-widget__width-initial elementor-widget elementor-widget-heading\" data-id=\"d97475b\" data-element_type=\"widget\" data-e-type=\"widget\" data-widget_type=\"heading.default\">\n\t\t\t\t<div class=\"elementor-widget-container\">\n\t\t\t\t\t<h2 class=\"elementor-heading-title elementor-size-default\">Deixando-me fluir e levar pelo instinto, a intui\u00e7\u00e3o e pela minha cria que mesmo ap\u00f3s o nascimento, t\u00e3o conectada comigo estava.\n<\/h2>\t\t\t\t<\/div>\n\t\t\t\t<\/div>\n\t\t\t\t<div class=\"elementor-element elementor-element-fce11a0 elementor-widget elementor-widget-image\" data-id=\"fce11a0\" data-element_type=\"widget\" data-e-type=\"widget\" data-widget_type=\"image.default\">\n\t\t\t\t<div class=\"elementor-widget-container\">\n\t\t\t\t\t\t\t\t\t\t\t\t\t\t\t<img decoding=\"async\" width=\"1920\" height=\"1156\" src=\"https:\/\/alejandrapartera.com\/wp-content\/uploads\/2024\/08\/IMG_2741-1-comp.webp\" class=\"attachment-full size-full wp-image-310\" alt=\"\" srcset=\"https:\/\/alejandrapartera.com\/wp-content\/uploads\/2024\/08\/IMG_2741-1-comp.webp 1920w, https:\/\/alejandrapartera.com\/wp-content\/uploads\/2024\/08\/IMG_2741-1-comp-300x181.webp 300w, https:\/\/alejandrapartera.com\/wp-content\/uploads\/2024\/08\/IMG_2741-1-comp-1024x617.webp 1024w, https:\/\/alejandrapartera.com\/wp-content\/uploads\/2024\/08\/IMG_2741-1-comp-768x463.webp 768w, https:\/\/alejandrapartera.com\/wp-content\/uploads\/2024\/08\/IMG_2741-1-comp-1536x925.webp 1536w\" sizes=\"(max-width: 1920px) 100vw, 1920px\" \/>\t\t\t\t\t\t\t\t\t\t\t\t\t\t\t<\/div>\n\t\t\t\t<\/div>\n\t\t\t\t<div class=\"elementor-element elementor-element-42f2ab8 elementor-widget__width-initial elementor-widget elementor-widget-heading\" data-id=\"42f2ab8\" data-element_type=\"widget\" data-e-type=\"widget\" data-widget_type=\"heading.default\">\n\t\t\t\t<div class=\"elementor-widget-container\">\n\t\t\t\t\t<h2 class=\"elementor-heading-title elementor-size-default\">E foi assim que comecei estudar teorias de todas as linhas sobre esse incr\u00edvel universo da mam\u00edfera humana. Encontrando cursos, workshops e retiros com mestres da \u00e1rea, que ressonavam de forma impec\u00e1vel com o meu chamado de acompanhar outras mulheres.\n<br><br>\nTive meu segundo filho, livre e em \u00eaxtase. Assim, come\u00e7aram os encontros de fam\u00edlias gr\u00e1vidas, em minha casa, onde troc\u00e1vamos informa\u00e7\u00f5es, aconselhamentos, momentos\u2026 e nos conectamos com nossa natureza mam\u00edfera.\n<br><br>\nTive meu terceiro, e meu quarto filho (que me acompanharam em dezenas de nascimentos de outras crian\u00e7as).\n<br><br>\nComecei assistindo partos como assistente, mas muito rapidamente, comecei a ser parteira aut\u00f4noma. At\u00e9 hoje, sigo oferecendo encontros para gr\u00e1vidas em v\u00e1rias cidades do Brasil e Buenos Aires. J\u00e1 atendi cerca de 200 partos domiciliares e tenho o registro de haver acompanhado cerca de 500 mulheres em suas jornadas de gestar, parir e maternar, como parteira e tamb\u00e9m orientando o uso de homeopatia e ervas medicinais.<\/h2>\t\t\t\t<\/div>\n\t\t\t\t<\/div>\n\t\t\t\t<div class=\"elementor-element elementor-element-55e23c7 elementor-widget__width-initial elementor-widget elementor-widget-heading\" data-id=\"55e23c7\" data-element_type=\"widget\" data-e-type=\"widget\" data-widget_type=\"heading.default\">\n\t\t\t\t<div class=\"elementor-widget-container\">\n\t\t\t\t\t<h2 class=\"elementor-heading-title elementor-size-default\">Atendo em pr\u00e9-natais, partos, p\u00f3s partos imediatos, pu\u00e9rperas e primeira inf\u00e2ncia. \n<\/h2>\t\t\t\t<\/div>\n\t\t\t\t<\/div>\n\t\t\t\t<div class=\"elementor-element elementor-element-1000d22 elementor-widget__width-initial elementor-widget elementor-widget-heading\" data-id=\"1000d22\" data-element_type=\"widget\" data-e-type=\"widget\" data-widget_type=\"heading.default\">\n\t\t\t\t<div class=\"elementor-widget-container\">\n\t\t\t\t\t<h2 class=\"elementor-heading-title elementor-size-default\">Hoje, acompanho mulheres e fam\u00edlias na gravidez, partos e p\u00f3s partos da maneira que cada uma necessite e queira\u2026 seja para parir em casa com parteira, equipes de m\u00e9dicos humanizados, auto assistidos\u2026\n\n<br><br>\nOfere\u00e7o acompanhamento online, da qual participam mulheres de diversos pa\u00edses do mundo. \n<br><br>\nE, tamb\u00e9m, guardi\u00e3s de nascimentos inspirando que conectem genuinamente com seu pr\u00f3prio valor e poder.\n<br><br>\nDou aulas em diferentes cursos de diferentes pa\u00edses sobre a parteria emp\u00edrica, livre e aut\u00f4noma.\n<br><br>\nE, ofere\u00e7o encontros presenciais para guardi\u00e3s do in\u00edcio da vida e fam\u00edlias que querem experienciar a gravidez, parto e maternidade conectadas consigo mesmas e de forma mais consciente.\n<\/h2>\t\t\t\t<\/div>\n\t\t\t\t<\/div>\n\t\t\t\t\t<\/div>\n\t\t\t\t<\/div>\n\t\t<div class=\"elementor-element elementor-element-7175c9f e-flex e-con-boxed e-con e-parent\" data-id=\"7175c9f\" data-element_type=\"container\" data-e-type=\"container\">\n\t\t\t\t\t<div class=\"e-con-inner\">\n\t\t<div class=\"elementor-element elementor-element-77314d7 e-con-full e-flex e-con e-child\" data-id=\"77314d7\" data-element_type=\"container\" data-e-type=\"container\">\n\t\t\t\t<div class=\"elementor-element elementor-element-99bc2db elementor-widget elementor-widget-image\" data-id=\"99bc2db\" data-element_type=\"widget\" data-e-type=\"widget\" data-widget_type=\"image.default\">\n\t\t\t\t<div class=\"elementor-widget-container\">\n\t\t\t\t\t\t\t\t\t\t\t\t\t\t\t<img decoding=\"async\" width=\"720\" height=\"970\" src=\"https:\/\/alejandrapartera.com\/wp-content\/uploads\/2024\/08\/Imagem-do-WhatsApp-de-2024-08-23-as-12.30.25_bc695f2b.webp\" class=\"attachment-large size-large wp-image-386\" alt=\"\" srcset=\"https:\/\/alejandrapartera.com\/wp-content\/uploads\/2024\/08\/Imagem-do-WhatsApp-de-2024-08-23-as-12.30.25_bc695f2b.webp 720w, https:\/\/alejandrapartera.com\/wp-content\/uploads\/2024\/08\/Imagem-do-WhatsApp-de-2024-08-23-as-12.30.25_bc695f2b-223x300.webp 223w\" sizes=\"(max-width: 720px) 100vw, 720px\" \/>\t\t\t\t\t\t\t\t\t\t\t\t\t\t\t<\/div>\n\t\t\t\t<\/div>\n\t\t\t\t<\/div>\n\t\t<div class=\"elementor-element elementor-element-2e25f65 e-con-full e-flex e-con e-child\" data-id=\"2e25f65\" data-element_type=\"container\" data-e-type=\"container\">\n\t\t\t\t<div class=\"elementor-element elementor-element-f7a61a7 elementor-widget__width-initial elementor-widget elementor-widget-heading\" data-id=\"f7a61a7\" data-element_type=\"widget\" data-e-type=\"widget\" data-widget_type=\"heading.default\">\n\t\t\t\t<div class=\"elementor-widget-container\">\n\t\t\t\t\t<h2 class=\"elementor-heading-title elementor-size-default\">Posso dizer, que o que me caracteriza, \u00e9 o meu chamado genu\u00edno de ser guardi\u00e3 do in\u00edcio da vida recebendo um ser humano nessa terra com a consci\u00eancia de que somos mam\u00edferas e que podemos gestar, parir e maternar de uma forma aut\u00f4noma e natural.<\/h2>\t\t\t\t<\/div>\n\t\t\t\t<\/div>\n\t\t\t\t<\/div>\n\t\t\t\t\t<\/div>\n\t\t\t\t<\/div>\n\t\t\t\t<\/div>","protected":false},"excerpt":{"rendered":"<p>Soy Alejandra Dydzinsky madre, partera y mujer en esta tierra. Nac\u00ed en Buenos Aires, Argentina en 1983, fui a una escuela Waldorf y mi madre me trat\u00f3 con homeopat\u00eda desde mi vida intrauterina. A mis 19 a\u00f1os decid\u00ed mudarme al sur de Brasil. Cuando llegu\u00e9 viv\u00ed en la comunidad de los pescadores donde trabajaba en [&hellip;]<\/p>\n","protected":false},"author":1,"featured_media":0,"parent":0,"menu_order":0,"comment_status":"closed","ping_status":"closed","template":"","meta":{"footnotes":""},"class_list":["post-95","page","type-page","status-publish","hentry"],"_links":{"self":[{"href":"https:\/\/alejandrapartera.com\/pt\/wp-json\/wp\/v2\/pages\/95"}],"collection":[{"href":"https:\/\/alejandrapartera.com\/pt\/wp-json\/wp\/v2\/pages"}],"about":[{"href":"https:\/\/alejandrapartera.com\/pt\/wp-json\/wp\/v2\/types\/page"}],"author":[{"embeddable":true,"href":"https:\/\/alejandrapartera.com\/pt\/wp-json\/wp\/v2\/users\/1"}],"replies":[{"embeddable":true,"href":"https:\/\/alejandrapartera.com\/pt\/wp-json\/wp\/v2\/comments?post=95"}],"version-history":[{"count":72,"href":"https:\/\/alejandrapartera.com\/pt\/wp-json\/wp\/v2\/pages\/95\/revisions"}],"predecessor-version":[{"id":758,"href":"https:\/\/alejandrapartera.com\/pt\/wp-json\/wp\/v2\/pages\/95\/revisions\/758"}],"wp:attachment":[{"href":"https:\/\/alejandrapartera.com\/pt\/wp-json\/wp\/v2\/media?parent=95"}],"curies":[{"name":"wp","href":"https:\/\/api.w.org\/{rel}","templated":true}]}}